{"id":5,"date":"2018-10-25T13:43:35","date_gmt":"2018-10-25T11:43:35","guid":{"rendered":"http:\/\/test.explast.cz\/?page_id=5"},"modified":"2024-04-16T16:10:27","modified_gmt":"2024-04-16T14:10:27","slug":"kontakty","status":"publish","type":"page","link":"https:\/\/www.explast.cz\/en\/kontakty\/","title":{"rendered":"Contacts"},"content":{"rendered":"<p><\/p>\n<div class=\"kontakty\">\n<div class=\"row\">\n<div class=\"col-md-12\">\n<h2>Office and Central Warehouse<\/h2>\n<\/div>\n<div class=\"col-md-4\">\n<p><strong>EXPLAST, spol. s r.o.<\/strong><br \/>\nPr\u016fmyslov\u00e1 2396<br \/>\n250 01 Brand\u00fds nad Labem &#8211; Star\u00e1 Boleslav<br \/>\nCzech Republic<\/p>\n<p>Company ID:\u00a0\u00a0 61683566<br \/>\nEU-VAT No.:\u00a0\u00a0\u00a0 CZ61683566<br \/>\nVAT Registration in Slovakia:\u00a0\u00a0 SK4020244668<br \/>\nVAT Registration in Poland:\u00a0\u00a0\u00a0\u00a0\u00a0 PL5263118670<\/p>\n<p><strong>Opening Hours<\/strong><\/p>\n<table>\n<tbody>\n<tr>\n<td>Office &amp; Warehouse:<\/td>\n<td>\u00a0 Mon-Thu\u00a0 08:00 &#8211; 16:00<\/td>\n<\/tr>\n<tr>\n<td><\/td>\n<td>\u00a0 Fri\u00a0 08:00 &#8211; 14:30<\/td>\n<\/tr>\n<\/tbody>\n<\/table>\n<\/div>\n<div class=\"col-md-4\">\n<div class=\"oddeleni\">\n<h3><i class=\"fas fa-landmark\"><\/i>Secretariat<\/h3>\n<table>\n<tbody>\n<tr>\n<td>Phone:<\/td>\n<td>+420 321 021 600<\/td>\n<\/tr>\n<tr>\n<td>E-mail:<\/td>\n<td><a href=\"mailto:info@explast.cz\">info@explast.cz<\/a><\/td>\n<\/tr>\n<tr>\n<td><\/td>\n<td><\/td>\n<\/tr>\n<\/tbody>\n<\/table>\n<\/div>\n<div class=\"oddeleni\">\n<h3><i class=\"fas fa-user\"><\/i>Customer Service and Shipping<\/h3>\n<table>\n<tbody>\n<tr>\n<td>Phone:<\/td>\n<td>+420 321 021 600<\/td>\n<\/tr>\n<tr>\n<td>E-mail:<\/td>\n<td><a href=\"mailto:logistika@explast.cz\">logistika@explast.cz<\/a><\/td>\n<\/tr>\n<\/tbody>\n<\/table>\n<\/div>\n<\/div>\n<div class=\"col-md-4\">\n<div class=\"oddeleni\">\n<h3><i class=\"fas fa-shopping-cart\"><\/i> Sale<\/h3>\n<table>\n<tbody>\n<tr>\n<td>Phone:<\/td>\n<td>+420 321 021 600<\/td>\n<\/tr>\n<tr>\n<td>E-mail:<\/td>\n<td><a href=\"mailto:info@explast.cz\">info@explast.cz<\/a><\/td>\n<\/tr>\n<tr>\n<td><\/td>\n<td><\/td>\n<\/tr>\n<\/tbody>\n<\/table>\n<\/div>\n<\/div>\n<\/div>\n<div class=\"row\">\n<div class=\"kontakt-stred\">\n<div id=\"map\"><\/div>\n<div class=\"kontakt-fotka\"><\/div>\n<\/div>\n<\/div>\n<div class=\"row\">\n<div class=\"col-md-6\">\n<h2>Office and Warehouse in Slovakia<\/h2>\n<p><strong>EXPLAST Slovensko, spol. s r.o.<\/strong><br \/>\nWest Park, Lipov\u00e1 ulica 1457\/3<br \/>\n951 41\u00a0 Lu\u017eianky, okres Nitra<br \/>\nSlovakia<\/p>\n<p><strong>Opening Hours<\/strong><\/p>\n<table>\n<tbody>\n<tr>\n<td>Office &amp;\u00a0 Warehouse:<\/td>\n<td>\u00a0\u00a0\u00a0 Mon-Thu 07:00 &#8211; 16:00<\/td>\n<\/tr>\n<tr>\n<td><\/td>\n<td>\u00a0\u00a0\u00a0 Fri\u00a0 08:00 &#8211; 14:30<\/td>\n<\/tr>\n<\/tbody>\n<\/table>\n<p>Company ID:\u00a0\u00a0 36550540<br \/>\nVAT No.:\u00a0\u00a0\u00a0\u00a0\u00a0\u00a0\u00a0\u00a0\u00a0\u00a0 SK2020149813<\/p>\n<\/div>\n<div class=\"col-md-6\">\n<div class=\"oddeleni\">\n<h3><i class=\"fas fa-landmark\"><\/i>Secretariat<\/h3>\n<table>\n<tbody>\n<tr>\n<td>Phone:<\/td>\n<td>+421 911 280 052<\/td>\n<\/tr>\n<tr>\n<td>E-mail:<\/td>\n<td><a href=\"mailto:logistika@explast.sk\">logistika@explast.sk<\/a><\/td>\n<\/tr>\n<\/tbody>\n<\/table>\n<\/div>\n<div class=\"oddeleni\">\n<h3><i class=\"fas fa-user\"><\/i>Customer Service and Shipping<\/h3>\n<table>\n<tbody>\n<tr>\n<td>Phone:<\/td>\n<td>+421 911 280 090<\/td>\n<\/tr>\n<tr>\n<td>E-mail:<\/td>\n<td><a href=\"mailto:logistika@explast.sk\">logistika@explast.sk<\/a><\/td>\n<\/tr>\n<\/tbody>\n<\/table>\n<\/div>\n<\/div>\n<div class=\"col-md-12\">\n<hr \/>\n<\/div>\n<div class=\"col-md-4\">\n<h2>Partner<\/h2>\n<p><strong>NOKTUO a.s.,<\/strong><br \/>\nPr\u016fmyslov\u00e1 2396<br \/>\n250 01 Brand\u00fds nad Labem &#8211; Star\u00e1 Boleslav<br \/>\nCzech Republic<\/p>\n<p>I\u010cO: 06295312<\/p>\n<p>Statutory Director: Ing. Jan Sova<\/p>\n<\/div>\n<\/div>\n<\/div>\n<p><\/p>","protected":false},"excerpt":{"rendered":"<p>Office and Central Warehouse EXPLAST, spol. s r.o. Pr\u016fmyslov\u00e1 2396 250 01 Brand\u00fds nad Labem &#8211; Star\u00e1 Boleslav Czech Republic Company ID:\u00a0\u00a0 61683566 EU-VAT No.:\u00a0\u00a0\u00a0 CZ61683566 VAT Registration in Slovakia:\u00a0\u00a0 SK4020244668 VAT Registration in Poland:\u00a0\u00a0\u00a0\u00a0\u00a0 PL5263118670 Opening Hours Office &amp; Warehouse: \u00a0 Mon-Thu\u00a0 08:00 &#8211; 16:00 \u00a0 Fri\u00a0 08:00 &#8211; 14:30 Secretariat Phone: +420 321 [&hellip;]<\/p>\n","protected":false},"author":1,"featured_media":0,"parent":0,"menu_order":0,"comment_status":"closed","ping_status":"closed","template":"","meta":[],"_links":{"self":[{"href":"https:\/\/www.explast.cz\/en\/wp-json\/wp\/v2\/pages\/5"}],"collection":[{"href":"https:\/\/www.explast.cz\/en\/wp-json\/wp\/v2\/pages"}],"about":[{"href":"https:\/\/www.explast.cz\/en\/wp-json\/wp\/v2\/types\/page"}],"author":[{"embeddable":true,"href":"https:\/\/www.explast.cz\/en\/wp-json\/wp\/v2\/users\/1"}],"replies":[{"embeddable":true,"href":"https:\/\/www.explast.cz\/en\/wp-json\/wp\/v2\/comments?post=5"}],"version-history":[{"count":63,"href":"https:\/\/www.explast.cz\/en\/wp-json\/wp\/v2\/pages\/5\/revisions"}],"predecessor-version":[{"id":1311,"href":"https:\/\/www.explast.cz\/en\/wp-json\/wp\/v2\/pages\/5\/revisions\/1311"}],"wp:attachment":[{"href":"https:\/\/www.explast.cz\/en\/wp-json\/wp\/v2\/media?parent=5"}],"curies":[{"name":"wp","href":"https:\/\/api.w.org\/{rel}","templated":true}]}}