{"id":7,"date":"2018-10-25T13:43:44","date_gmt":"2018-10-25T11:43:44","guid":{"rendered":"http:\/\/test.explast.cz\/?page_id=7"},"modified":"2025-03-27T18:54:49","modified_gmt":"2025-03-27T17:54:49","slug":"o-nas","status":"publish","type":"page","link":"https:\/\/www.explast.cz\/en\/o-nas\/","title":{"rendered":"About us"},"content":{"rendered":"<p><\/p>\n<p>EXPLAST is a family owned distribution company of plastic granulates operating since 1995 on the market of plastics. We deliver mainly commodity plastics as <i>polyethylene, polypropylene and styrenic plastics.<\/i> We offer plastics not only for common processing technologies \u2013 <i>injection moulding, extrusion and blow moulding <\/i>\u2013 but also for special technologies e.g. <i>roto moulding, compounding, coating and for production of expanded and extruded polystyrene<\/i>. We offer selected additives and colouring masterbatches.<\/p>\n<p>Our the most important products are <i>polyethylene grades for film production.<\/i> In our portfolio you can find all polyethylene grades invented in last 20 years, produced by the newest technological processes, like C4, C6, C8 copolymers, <i>very low density polyethylene (VLDPE) or even with ultra-low density (ULDPE).<\/i> Also so-called <i>plastomers PE<\/i> or the newest tubular technologies offering new progressive LDPE grades or plastics using <i>metallocene catalysts (mLLDPE)<\/i> in their production. The same is valid for polypropylene, we offer <i>plastomers PP Vistamaxx.<\/i> Such plastics could bring you costs savings when you replace currently used but more expensive thermoplastic elastomers.<\/p>\n<p>We offer expert consultancy in selection of materials and their processing. In many cases technicians from producers take part in production testing and implementation of their products, which were invented, developer or licenced by companies like ExxonMobil Chemical, Versalis, Chevron-Phillips Chemical, LyondellBasell, Borealis, Slovnaft\/MOL Petrochemicals, Petkim, Carmel Olefins and others.<\/p>\n<p>Our storage capacities enable direct shipments of plastic granulates from our warehouses in Brand\u00fds nad Labem,\u00a0 Praha-Horn\u00ed Po\u010dernice, Poho\u0159elice, Nitra &#8211; Lu\u017eianky and in Trnava. We are able to deliver raw materials in volume of one 25 kg bag to a full truck load.<\/p>\n<p>EXPLAST has become the official distributor of <i>LyondellBasell colours and additives<\/i> for the Czech and Slovak markets. If you are interested in <i>Polybatch, Polywhite, Polyblak<\/i> materials, which were previously supplied under the brand A Schulman, please contact us. From our distribution warehouses in Brand\u00fds nad Labem and Nitra &#8211; Lu\u017eianky we can both offer and flexibly supply additives commonly used in film production and a selection of colours according to the Polybatch Standard Film Catalogue.<\/p>","protected":false},"excerpt":{"rendered":"<p>EXPLAST is a family owned distribution company of plastic granulates operating since 1995 on the market of plastics. We deliver mainly commodity plastics as polyethylene, polypropylene and styrenic plastics. We offer plastics not only for common processing technologies \u2013 injection moulding, extrusion and blow moulding \u2013 but also for special technologies e.g. roto moulding, compounding, [&hellip;]<\/p>\n","protected":false},"author":1,"featured_media":0,"parent":0,"menu_order":0,"comment_status":"closed","ping_status":"closed","template":"","meta":[],"_links":{"self":[{"href":"https:\/\/www.explast.cz\/en\/wp-json\/wp\/v2\/pages\/7"}],"collection":[{"href":"https:\/\/www.explast.cz\/en\/wp-json\/wp\/v2\/pages"}],"about":[{"href":"https:\/\/www.explast.cz\/en\/wp-json\/wp\/v2\/types\/page"}],"author":[{"embeddable":true,"href":"https:\/\/www.explast.cz\/en\/wp-json\/wp\/v2\/users\/1"}],"replies":[{"embeddable":true,"href":"https:\/\/www.explast.cz\/en\/wp-json\/wp\/v2\/comments?post=7"}],"version-history":[{"count":27,"href":"https:\/\/www.explast.cz\/en\/wp-json\/wp\/v2\/pages\/7\/revisions"}],"predecessor-version":[{"id":1387,"href":"https:\/\/www.explast.cz\/en\/wp-json\/wp\/v2\/pages\/7\/revisions\/1387"}],"wp:attachment":[{"href":"https:\/\/www.explast.cz\/en\/wp-json\/wp\/v2\/media?parent=7"}],"curies":[{"name":"wp","href":"https:\/\/api.w.org\/{rel}","templated":true}]}}